{"id":245,"date":"2023-06-10T14:46:08","date_gmt":"2023-06-10T14:46:08","guid":{"rendered":"http:\/\/neu.bergnest-rauris.at\/?page_id=245"},"modified":"2023-06-23T15:07:08","modified_gmt":"2023-06-23T15:07:08","slug":"impressum-und-datenschutz","status":"publish","type":"page","link":"https:\/\/bergnest-rauris.at\/en\/impressum-und-datenschutz\/","title":{"rendered":"Legal notice and data protection"},"content":{"rendered":"<div class='flex_column av-7qurp-369dfa6c98dd0673dfb4cb44155f41f7 av_one_full  avia-builder-el-0  avia-builder-el-no-sibling  first flex_column_div'     ><section  class='av_textblock_section av-liq3zwwp-4779c86bd60660ec8828089a15233ba6'  itemscope=\"itemscope\" itemtype=\"https:\/\/schema.org\/CreativeWork\" ><div class='avia_textblock'  itemprop=\"text\" ><h1>Imprint \/ Disclaimer \/ Privacy Policy<\/h1>\n<h5>Imprint<\/h5>\n<p>Information and disclosure according to \u00a75 (1) ECG, \u00a7 25 MedienG, \u00a7 63 GewO and \u00a7 14 UGB<\/p>\n<p>Webseitenbetreiber:<br \/>\nSilke und Sven Kock<br \/>\nAddress: Maislaufeldweg 1k, AT-5661 Rauris<br \/>\nUID-Nr: ATU76333601<br \/>\nTelephon: +49-8102 8015936<br \/>\nEmail: <a href=\"mailto:info@bergnest-rauris.at\">info@bergnest-rauris.at<\/a><\/p>\n<p>Applicable legislation: <a href=\"https:\/\/www.ris.bka.gv.at\/\">www.ris.bka.gv.at<\/a><\/p>\n<p>Online Dispute Resolution: Consumers who are established in Austria or in another contracting state of the ODR Regulation have the possibility to solve problems regarding the purchase of goods or services against payment within the framework of an online dispute resolution (according to OS, AStG). The European Commission provides a platform for this purpose: https:\/\/ec.europa.eu\/consumers\/odr<\/p>\n<p>Copyright: The contents of this website are subject, as far as this is legally possible, to various property rights (e.B copyright). Any use\/distribution of provided material, which is prohibited by copyright, requires the written consent of the website operator.<\/p>\n<p>Disclaimer: Despite careful control of the content, the website operator of this website assumes no liability for the content of external links. The operators of the linked pages are solely responsible for their content. Should you nevertheless become aware of outgoing links that refer to a website with illegal activity\/information, we ask for a corresponding note in order to remove them immediately in accordance with \u00a7 17 para. 2 ECG.<\/p>\n<p>The copyrights of third parties are observed by the operator of this website with the utmost care. Should you nevertheless become aware of a copyright infringement, we ask for a corresponding notice. Upon becoming aware of such infringements, we will immediately remove the affected content.<\/p>\n<p>Source: <a href=\"https:\/\/advolist.at\/spezialisierung\/erbrecht\/3\/1\">Advolist<\/a> in Kooperation mit Miete \u00fcberpr\u00fcfen mit<a href=\"https:\/\/fairemiete.at\/\"> faireMiete.at<\/a><\/p>\n<h5><strong>Disclaimer<\/strong><\/h5>\n<p>Trotz sorgf\u00e4ltiger inhaltlicher Kontrolle \u00fcbernimmt der Webseitenbetreiber (von www.bergnest-rauris.at, Silke und Sven Kock) keine Haftung f\u00fcr die Inhalte externer Links. F\u00fcr den Inhalt der verlinkten Seiten sind ausschlie\u00dflich deren Betreiber verantwortlich. Sollten Sie dennoch auf ausgehende Links aufmerksam werden, welche auf eine Webseite mit rechtswidriger T\u00e4tigkeit\/Information verweisen, ersuchen wir um dementsprechenden Hinweis (Info@bergnest-rauris.at), um diesen nach \u00a7 17 Abs. 2 ECG umgehend zu entfernen.<\/p>\n<p>Die Urheberrechte Dritter werden vom Betreiber mit bestm\u00f6glicher Sorgfalt beachtet. Sollten Sie trotzdem auf eine Urheberrechtsverletzung aufmerksam werden, bitten wir um einen entsprechenden Hinweis an (Info@bergnest-rauris.at). Bei Bekanntwerden derartiger Rechtsverletzungen werden wir den betroffenen Inhalt umgehend entfernen.<\/p>\n<p>Source: <a href=\"https:\/\/advolist.at\/\">Rechtsanwalt finden \u2013 Advolist<\/a><\/p>\n<h5><strong>Privacy policy<\/strong><\/h5>\n<p>In the following data protection declaration, we inform you about the most important aspects of data processing within the framework of our website. We collect and process personal data only on the basis of the statutory provisions (General Data Protection Regulation, Telecommunications Act 2003).<\/p>\n<p>As soon as you as a user access or visit our website, your IP address, start and beginning and end of the session are recorded. This is for technical reasons and thus constitutes a legitimate interest within the sense of Article 6 (1) (f) GDPR.<\/p>\n<p><strong>Contact with us<br \/>\n<\/strong>As soon as you as a user access or visit our website, your IP address, start and beginning and end of the session are recorded. This is for technical reasons and thus constitutes a legitimate interest within the sense of Article 6 (1) (f) GDPR.<\/p>\n<p><strong>Cookies<br \/>\n<\/strong>Our website uses so-called cookies. These are small text files that are stored on your device with the help of the browser. They do no harm. We use cookies to make our offer user-friendly. Some cookies remain stored on your device until you delete them. They enable us to recognize your browser the next time you visit. If you do not want this, you can set up your browser so that it informs you about the setting of cookies and you only allow this in individual cases. Disabling cookies may limit the functionality of our website.<\/p>\n<p><strong>Google Maps<br \/>\n<\/strong>Our website uses functions of the web map service \"Google Maps\". The service provider of this feature is:<\/p>\n<p>Google Ireland Limited Gordon House, Barrow Street Dublin 4. Ireland. Tel: +353 1 543 1000<\/p>\n<p>In the course of using Google Maps, it is necessary to store and process your IP address. Google usually transfers to a server in the USA and stores the data there. The processing is carried out by the service provider (mentioned above), the operator of this homepage has no influence on the transmission of the data.<br \/>\nDie Datenverarbeitung erfolgt auf Basis der gesetzlichen Bestimmungen des \u00a7 96 Abs 3 TKG sowie des Art 6 Abs 1 lit f (berechtigtes Interesse) der DSGVO. Die Nutzung von Google Maps erh\u00f6ht die Auffindbarkeit der Orte, welche auf unserer Webseite bereitgestellt werden.<br \/>\nFurther information on the handling of user data of the service provider \"Google\" can be found in the privacy policy:<br \/>\n<a href=\"https:\/\/policies.google.com\/privacy?hl=de\">https:\/\/policies.google.com\/privacy?hl=de<\/a>.<\/p>\n<p>Google also processes the data in the USA, but has submitted to the EU-US Privacy Shield.<br \/>\n<a href=\"https:\/\/www.privacyshield.gov\/EU-US-Framework\">https:\/\/www.privacyshield.gov\/EU-US-Framework<\/a><\/p>\n<p><strong>Server-Log Files<br \/>\n<\/strong>This website and the associated provider automatically collects information in the course of website use in the context of so-called \"server log files\". This applies in particular:<\/p>\n<ul>\n<li>IP-Adress or Hostname<\/li>\n<li>the used browser<\/li>\n<li>Duration of stay on the website as well as date and time<\/li>\n<li>Pages of the website accessed<\/li>\n<li>Language settings and operating system<\/li>\n<li>\"Leaving-Page\" (on which URL did the user leave the website)<\/li>\n<li>ISP (Internet Service Provider)<\/li>\n<\/ul>\n<p>This information collected is not processed on a personal basis or associated with personal data.<br \/>\nThe website operator reserves the right to evaluate or check this data in the event of disclosure of illegal activities.<\/p>\n<p><strong>Newsletter<br \/>\n<\/strong>You have the option of subscribing to our newsletter via our website. For this we need your e-mail address and your declaration that you agree to receive the newsletter.<\/p>\n<p><strong>Your rights as a data subject<br \/>\n<\/strong>As a data subject, you have the right to:<\/p>\n<ul>\n<li>Information<\/li>\n<li>Deletion of data<\/li>\n<li>Correction of data<\/li>\n<li>Data portability<\/li>\n<li>Revocation and objection to data processing<\/li>\n<li>Restriction<\/li>\n<\/ul>\n<p>If you suspect that violations of data protection law have occurred in the course of processing your data, you have the opportunity to contact us (info@bergnest-rauris.at) or the Data Protection Authority.<a href=\"mailto:info@bergnest-rauris.at\">info@bergnest-rauris.at<\/a>) oder der Datenschutzbeh\u00f6rde zu beschweren.<\/p>\n<p>You can reach us under the following contact details:<br \/>\nWebsite operators: Silke and Sven Kock<br \/>\nTelephone number: +49-8102 8015936<br \/>\nEmail:<a href=\"mailto:info@bergnest-rauris.at\">info@bergnest-rauris.at<\/a><\/p>\n<p>Source: <a href=\"https:\/\/advolist.at\/spezialisierung\/erbrecht\/3\/1\">Advolist<\/a> in Kooperation mit Miete \u00fcberpr\u00fcfen mit<a href=\"https:\/\/fairemiete.at\/\"> faireMiete.at<\/a>.<\/p>\n<\/div><\/section><\/div>","protected":false},"excerpt":{"rendered":"","protected":false},"author":2,"featured_media":0,"parent":0,"menu_order":0,"comment_status":"closed","ping_status":"closed","template":"","meta":{"footnotes":""},"class_list":["post-245","page","type-page","status-publish","hentry"],"yoast_head":"<!-- This site is optimized with the Yoast SEO plugin v27.3 - https:\/\/yoast.com\/product\/yoast-seo-wordpress\/ -->\n<title>Impressum und Datenschutz - Bergnest Rauris<\/title>\n<meta name=\"robots\" content=\"index, follow, max-snippet:-1, max-image-preview:large, max-video-preview:-1\" \/>\n<link rel=\"canonical\" href=\"https:\/\/bergnest-rauris.at\/en\/impressum-und-datenschutz\/\" \/>\n<meta property=\"og:locale\" content=\"en_GB\" \/>\n<meta property=\"og:type\" content=\"article\" \/>\n<meta property=\"og:title\" content=\"Impressum und Datenschutz - Bergnest Rauris\" \/>\n<meta property=\"og:url\" content=\"https:\/\/bergnest-rauris.at\/en\/impressum-und-datenschutz\/\" \/>\n<meta property=\"og:site_name\" content=\"Bergnest Rauris\" \/>\n<meta property=\"article:publisher\" content=\"https:\/\/www.facebook.com\/bergnest\" \/>\n<meta property=\"article:modified_time\" content=\"2023-06-23T15:07:08+00:00\" \/>\n<meta name=\"twitter:card\" content=\"summary_large_image\" \/>\n<meta name=\"twitter:label1\" content=\"Estimated reading time\" \/>\n\t<meta name=\"twitter:data1\" content=\"7 minutes\" \/>\n<script type=\"application\/ld+json\" class=\"yoast-schema-graph\">{\"@context\":\"https:\\\/\\\/schema.org\",\"@graph\":[{\"@type\":\"WebPage\",\"@id\":\"https:\\\/\\\/bergnest-rauris.at\\\/impressum-und-datenschutz\\\/\",\"url\":\"https:\\\/\\\/bergnest-rauris.at\\\/impressum-und-datenschutz\\\/\",\"name\":\"Impressum und Datenschutz - Bergnest Rauris\",\"isPartOf\":{\"@id\":\"https:\\\/\\\/bergnest-rauris.at\\\/#website\"},\"datePublished\":\"2023-06-10T14:46:08+00:00\",\"dateModified\":\"2023-06-23T15:07:08+00:00\",\"breadcrumb\":{\"@id\":\"https:\\\/\\\/bergnest-rauris.at\\\/impressum-und-datenschutz\\\/#breadcrumb\"},\"inLanguage\":\"en-GB\",\"potentialAction\":[{\"@type\":\"ReadAction\",\"target\":[\"https:\\\/\\\/bergnest-rauris.at\\\/impressum-und-datenschutz\\\/\"]}]},{\"@type\":\"BreadcrumbList\",\"@id\":\"https:\\\/\\\/bergnest-rauris.at\\\/impressum-und-datenschutz\\\/#breadcrumb\",\"itemListElement\":[{\"@type\":\"ListItem\",\"position\":1,\"name\":\"Startseite\",\"item\":\"https:\\\/\\\/bergnest-rauris.at\\\/\"},{\"@type\":\"ListItem\",\"position\":2,\"name\":\"Impressum und Datenschutz\"}]},{\"@type\":\"WebSite\",\"@id\":\"https:\\\/\\\/bergnest-rauris.at\\\/#website\",\"url\":\"https:\\\/\\\/bergnest-rauris.at\\\/\",\"name\":\"Bergnest Rauris\",\"description\":\"Bergnest Rauris\",\"publisher\":{\"@id\":\"https:\\\/\\\/bergnest-rauris.at\\\/#organization\"},\"potentialAction\":[{\"@type\":\"SearchAction\",\"target\":{\"@type\":\"EntryPoint\",\"urlTemplate\":\"https:\\\/\\\/bergnest-rauris.at\\\/?s={search_term_string}\"},\"query-input\":{\"@type\":\"PropertyValueSpecification\",\"valueRequired\":true,\"valueName\":\"search_term_string\"}}],\"inLanguage\":\"en-GB\"},{\"@type\":\"Organization\",\"@id\":\"https:\\\/\\\/bergnest-rauris.at\\\/#organization\",\"name\":\"Bergnest Rauris\",\"url\":\"https:\\\/\\\/bergnest-rauris.at\\\/\",\"logo\":{\"@type\":\"ImageObject\",\"inLanguage\":\"en-GB\",\"@id\":\"https:\\\/\\\/bergnest-rauris.at\\\/#\\\/schema\\\/logo\\\/image\\\/\",\"url\":\"https:\\\/\\\/bergnest-rauris.at\\\/wp-content\\\/uploads\\\/2023\\\/07\\\/rauriser-bergnest-haus1-300x225-1.jpg\",\"contentUrl\":\"https:\\\/\\\/bergnest-rauris.at\\\/wp-content\\\/uploads\\\/2023\\\/07\\\/rauriser-bergnest-haus1-300x225-1.jpg\",\"width\":300,\"height\":225,\"caption\":\"Bergnest Rauris\"},\"image\":{\"@id\":\"https:\\\/\\\/bergnest-rauris.at\\\/#\\\/schema\\\/logo\\\/image\\\/\"},\"sameAs\":[\"https:\\\/\\\/www.facebook.com\\\/bergnest\"]}]}<\/script>\n<!-- \/ Yoast SEO plugin. -->","yoast_head_json":{"title":"Impressum und Datenschutz - Bergnest Rauris","robots":{"index":"index","follow":"follow","max-snippet":"max-snippet:-1","max-image-preview":"max-image-preview:large","max-video-preview":"max-video-preview:-1"},"canonical":"https:\/\/bergnest-rauris.at\/en\/impressum-und-datenschutz\/","og_locale":"en_GB","og_type":"article","og_title":"Impressum und Datenschutz - Bergnest Rauris","og_url":"https:\/\/bergnest-rauris.at\/en\/impressum-und-datenschutz\/","og_site_name":"Bergnest Rauris","article_publisher":"https:\/\/www.facebook.com\/bergnest","article_modified_time":"2023-06-23T15:07:08+00:00","twitter_card":"summary_large_image","twitter_misc":{"Estimated reading time":"7 minutes"},"schema":{"@context":"https:\/\/schema.org","@graph":[{"@type":"WebPage","@id":"https:\/\/bergnest-rauris.at\/impressum-und-datenschutz\/","url":"https:\/\/bergnest-rauris.at\/impressum-und-datenschutz\/","name":"Impressum und Datenschutz - Bergnest Rauris","isPartOf":{"@id":"https:\/\/bergnest-rauris.at\/#website"},"datePublished":"2023-06-10T14:46:08+00:00","dateModified":"2023-06-23T15:07:08+00:00","breadcrumb":{"@id":"https:\/\/bergnest-rauris.at\/impressum-und-datenschutz\/#breadcrumb"},"inLanguage":"en-GB","potentialAction":[{"@type":"ReadAction","target":["https:\/\/bergnest-rauris.at\/impressum-und-datenschutz\/"]}]},{"@type":"BreadcrumbList","@id":"https:\/\/bergnest-rauris.at\/impressum-und-datenschutz\/#breadcrumb","itemListElement":[{"@type":"ListItem","position":1,"name":"Startseite","item":"https:\/\/bergnest-rauris.at\/"},{"@type":"ListItem","position":2,"name":"Impressum und Datenschutz"}]},{"@type":"WebSite","@id":"https:\/\/bergnest-rauris.at\/#website","url":"https:\/\/bergnest-rauris.at\/","name":"Bergnest Rauris","description":"Bergnest Rauris","publisher":{"@id":"https:\/\/bergnest-rauris.at\/#organization"},"potentialAction":[{"@type":"SearchAction","target":{"@type":"EntryPoint","urlTemplate":"https:\/\/bergnest-rauris.at\/?s={search_term_string}"},"query-input":{"@type":"PropertyValueSpecification","valueRequired":true,"valueName":"search_term_string"}}],"inLanguage":"en-GB"},{"@type":"Organization","@id":"https:\/\/bergnest-rauris.at\/#organization","name":"Bergnest Rauris","url":"https:\/\/bergnest-rauris.at\/","logo":{"@type":"ImageObject","inLanguage":"en-GB","@id":"https:\/\/bergnest-rauris.at\/#\/schema\/logo\/image\/","url":"https:\/\/bergnest-rauris.at\/wp-content\/uploads\/2023\/07\/rauriser-bergnest-haus1-300x225-1.jpg","contentUrl":"https:\/\/bergnest-rauris.at\/wp-content\/uploads\/2023\/07\/rauriser-bergnest-haus1-300x225-1.jpg","width":300,"height":225,"caption":"Bergnest Rauris"},"image":{"@id":"https:\/\/bergnest-rauris.at\/#\/schema\/logo\/image\/"},"sameAs":["https:\/\/www.facebook.com\/bergnest"]}]}},"_links":{"self":[{"href":"https:\/\/bergnest-rauris.at\/en\/wp-json\/wp\/v2\/pages\/245","targetHints":{"allow":["GET"]}}],"collection":[{"href":"https:\/\/bergnest-rauris.at\/en\/wp-json\/wp\/v2\/pages"}],"about":[{"href":"https:\/\/bergnest-rauris.at\/en\/wp-json\/wp\/v2\/types\/page"}],"author":[{"embeddable":true,"href":"https:\/\/bergnest-rauris.at\/en\/wp-json\/wp\/v2\/users\/2"}],"replies":[{"embeddable":true,"href":"https:\/\/bergnest-rauris.at\/en\/wp-json\/wp\/v2\/comments?post=245"}],"version-history":[{"count":14,"href":"https:\/\/bergnest-rauris.at\/en\/wp-json\/wp\/v2\/pages\/245\/revisions"}],"predecessor-version":[{"id":304,"href":"https:\/\/bergnest-rauris.at\/en\/wp-json\/wp\/v2\/pages\/245\/revisions\/304"}],"wp:attachment":[{"href":"https:\/\/bergnest-rauris.at\/en\/wp-json\/wp\/v2\/media?parent=245"}],"curies":[{"name":"wp","href":"https:\/\/api.w.org\/{rel}","templated":true}]}}